{"id":9334,"date":"2016-06-29T13:37:49","date_gmt":"2016-06-29T12:37:49","guid":{"rendered":"http:\/\/www.vision-one.fr\/es\/?page_id=9334"},"modified":"2016-07-01T15:17:54","modified_gmt":"2016-07-01T14:17:54","slug":"mobiliario-hinchable","status":"publish","type":"page","link":"https:\/\/www.vision-one.fr\/es\/mobiliario-hinchable\/","title":{"rendered":"Mobiliario Hinchable"},"content":{"rendered":"\n<div id=\"rev_slider_29_1_wrapper\" class=\"rev_slider_wrapper fullwidthbanner-container\" style=\"margin:0px auto;background-color:transparent;padding:0px;margin-top:0px;margin-bottom:0px;\">\n<!-- START REVOLUTION SLIDER 5.1.6 auto mode -->\n\t<div id=\"rev_slider_29_1\" class=\"rev_slider fullwidthabanner\" style=\"display:none;\" data-version=\"5.1.6\">\n<ul>\t<!-- SLIDE  -->\n\t<li data-index=\"rs-54\" data-transition=\"fade\" data-slotamount=\"default\" data-hideafterloop=\"0\" data-hideslideonmobile=\"off\"  data-easein=\"default\" data-easeout=\"default\" data-masterspeed=\"default\"  data-thumb=\"https:\/\/www.vision-one.fr\/wp-content\/uploads\/2016\/01\/meuble-gonflable-air-puffy-50x50.png\"  data-rotate=\"0\"  data-saveperformance=\"off\"  data-title=\"Slide\" data-param1=\"\" data-param2=\"\" data-param3=\"\" data-param4=\"\" data-param5=\"\" data-param6=\"\" data-param7=\"\" data-param8=\"\" data-param9=\"\" data-param10=\"\" data-description=\"\">\n\t\t<!-- MAIN IMAGE -->\n\t\t<img src=\"https:\/\/www.vision-one.fr\/wp-content\/plugins\/revslider\/admin\/assets\/images\/dummy.png\"  alt=\"\u00f9euble gonflable publicitaire vision one\"  width=\"650\" height=\"274\" data-lazyload=\"https:\/\/www.vision-one.fr\/wp-content\/uploads\/2016\/01\/meuble-gonflable-air-puffy.png\" data-bgposition=\"center center\" data-bgfit=\"cover\" data-bgrepeat=\"no-repeat\" data-bgparallax=\"off\" class=\"rev-slidebg\" data-no-retina>\n\t\t<!-- LAYERS -->\n\n\t\t<!-- LAYER NR. 1 -->\n\t\t<div class=\"tp-caption boxed_large_green   tp-resizeme\" \n\t\t\t id=\"slide-54-layer-1\" \n\t\t\t data-x=\"['left','left','left','left']\" data-hoffset=\"['0','0','0','0']\" \n\t\t\t data-y=\"['middle','middle','middle','middle']\" data-voffset=\"['0','0','0','0']\" \n\t\t\t\t\t\tdata-width=\"none\"\n\t\t\tdata-height=\"none\"\n\t\t\tdata-whitespace=\"nowrap\"\n\t\t\tdata-transform_idle=\"o:1;\"\n \n\t\t\t data-transform_in=\"x:50px;opacity:0;s:300;e:Power2.easeInOut;\" \n\t\t\t data-transform_out=\"opacity:0;s:300;s:300;\" \n\t\t\tdata-start=\"500\" \n\t\t\tdata-splitin=\"none\" \n\t\t\tdata-splitout=\"none\" \n\t\t\tdata-basealign=\"slide\" \n\t\t\tdata-responsive_offset=\"on\" \n\n\t\t\t\n\t\t\tstyle=\"z-index: 5; white-space: nowrap; font-size: 30px; font-weight: 100;font-family:Arial;background-color:rgba(209, 98, 79, 1.00);padding:8px 12px 8px 12px;\">Ligera y atractiva, vestir\u00e1 de manera apropiada tu stand  \n\t\t<\/div>\n\t<\/li>\n<\/ul>\n<div class=\"tp-bannertimer tp-bottom\" style=\"visibility: hidden !important;\"><\/div>\t<\/div>\n<script>var htmlDiv = document.getElementById(\"rs-plugin-settings-inline-css\"); var htmlDivCss=\".tp-caption.boxed_large_green,.boxed_large_green{font-size:38px;line-height:38px;color:#fff;padding:8px 12px 12px;position:absolute;background:#2ECC71}\";\n\t\t\t\tif(htmlDiv) {\n\t\t\t\t\thtmlDiv.innerHTML = htmlDiv.innerHTML + htmlDivCss;\n\t\t\t\t}else{\n\t\t\t\t\tvar htmlDiv = document.createElement(\"div\");\n\t\t\t\t\thtmlDiv.innerHTML = \"<style>\" + htmlDivCss + \"<\/style>\";\n\t\t\t\t\tdocument.getElementsByTagName(\"head\")[0].appendChild(htmlDiv.childNodes[0]);\n\t\t\t\t}\n\t\t\t<\/script>\n\t\t<script type=\"text\/javascript\">\n\t\t\t\t\t\t\/******************************************\n\t\t\t\t-\tPREPARE PLACEHOLDER FOR SLIDER\t-\n\t\t\t******************************************\/\n\n\t\t\tvar setREVStartSize=function(){\n\t\t\t\ttry{var e=new Object,i=jQuery(window).width(),t=9999,r=0,n=0,l=0,f=0,s=0,h=0;\n\t\t\t\t\te.c = jQuery('#rev_slider_29_1');\n\t\t\t\t\te.responsiveLevels = [1240,1024,778,480];\n\t\t\t\t\te.gridwidth = [650,1024,778,480];\n\t\t\t\t\te.gridheight = [274,500,400,300];\n\t\t\t\t\t\t\t\n\t\t\t\t\te.sliderLayout = \"auto\";\n\t\t\t\t\tif(e.responsiveLevels&&(jQuery.each(e.responsiveLevels,function(e,f){f>i&&(t=r=f,l=e),i>f&&f>r&&(r=f,n=e)}),t>r&&(l=n)),f=e.gridheight[l]||e.gridheight[0]||e.gridheight,s=e.gridwidth[l]||e.gridwidth[0]||e.gridwidth,h=i\/s,h=h>1?1:h,f=Math.round(h*f),\"fullscreen\"==e.sliderLayout){var u=(e.c.width(),jQuery(window).height());if(void 0!=e.fullScreenOffsetContainer){var c=e.fullScreenOffsetContainer.split(\",\");if (c) jQuery.each(c,function(e,i){u=jQuery(i).length>0?u-jQuery(i).outerHeight(!0):u}),e.fullScreenOffset.split(\"%\").length>1&&void 0!=e.fullScreenOffset&&e.fullScreenOffset.length>0?u-=jQuery(window).height()*parseInt(e.fullScreenOffset,0)\/100:void 0!=e.fullScreenOffset&&e.fullScreenOffset.length>0&&(u-=parseInt(e.fullScreenOffset,0))}f=u}else void 0!=e.minHeight&&f<e.minHeight&&(f=e.minHeight);e.c.closest(\".rev_slider_wrapper\").css({height:f})\n\t\t\t\t\t\n\t\t\t\t}catch(d){console.log(\"Failure at Presize of Slider:\"+d)}\n\t\t\t};\n\t\t\t\t\t\t\n\t\t\t\t\n\t\t\tsetREVStartSize();\n\t\t\tfunction revslider_showDoubleJqueryError(sliderID) {\n\t\t\t\t\tvar errorMessage = \"Revolution Slider Error: You have some jquery.js library include that comes after the revolution files js include.\";\n\t\t\t\t\terrorMessage += \"<br> This includes make eliminates the revolution slider libraries, and make it not work.\";\n\t\t\t\t\terrorMessage += \"<br><br> To fix it you can:<br>&nbsp;&nbsp;&nbsp; 1. In the Slider Settings -> Troubleshooting set option:  <strong><b>Put JS Includes To Body<\/b><\/strong> option to true.\";\n\t\t\t\t\terrorMessage += \"<br>&nbsp;&nbsp;&nbsp; 2. Find the double jquery.js include and remove it.\";\n\t\t\t\t\terrorMessage = \"<span style='font-size:16px;color:#BC0C06;'>\" + errorMessage + \"<\/span>\";\n\t\t\t\t\t\tjQuery(sliderID).show().html(errorMessage);\n\t\t\t\t}\n\t\t\t\t\t\tvar tpj=jQuery;\n\t\t\t\n\t\t\tvar revapi29;\n\t\t\ttpj(document).ready(function() {\n\t\t\t\tif(tpj(\"#rev_slider_29_1\").revolution == undefined){\n\t\t\t\t\trevslider_showDoubleJqueryError(\"#rev_slider_29_1\");\n\t\t\t\t}else{\n\t\t\t\t\trevapi29 = tpj(\"#rev_slider_29_1\").show().revolution({\n\t\t\t\t\t\tsliderType:\"hero\",\njsFileLocation:\"\/\/www.vision-one.fr\/wp-content\/plugins\/revslider\/public\/assets\/js\/\",\n\t\t\t\t\t\tsliderLayout:\"auto\",\n\t\t\t\t\t\tdottedOverlay:\"none\",\n\t\t\t\t\t\tdelay:9000,\n\t\t\t\t\t\tnavigation: {\n\t\t\t\t\t\t},\n\t\t\t\t\t\tresponsiveLevels:[1240,1024,778,480],\n\t\t\t\t\t\tvisibilityLevels:[1240,1024,778,480],\n\t\t\t\t\t\tgridwidth:[650,1024,778,480],\n\t\t\t\t\t\tgridheight:[274,500,400,300],\n\t\t\t\t\t\tlazyType:\"smart\",\n\t\t\t\t\t\tparallax: {\n\t\t\t\t\t\t\ttype:\"mouse\",\n\t\t\t\t\t\t\torigo:\"slidercenter\",\n\t\t\t\t\t\t\tspeed:2000,\n\t\t\t\t\t\t\tlevels:[2,3,4,5,6,7,12,16,10,50,46,47,48,49,50,55],\n\t\t\t\t\t\t\ttype:\"mouse\",\n\t\t\t\t\t\t},\n\t\t\t\t\t\tshadow:0,\n\t\t\t\t\t\tspinner:\"off\",\n\t\t\t\t\t\tautoHeight:\"on\",\n\t\t\t\t\t\tdisableProgressBar:\"on\",\n\t\t\t\t\t\thideThumbsOnMobile:\"on\",\n\t\t\t\t\t\thideSliderAtLimit:0,\n\t\t\t\t\t\thideCaptionAtLimit:0,\n\t\t\t\t\t\thideAllCaptionAtLilmit:0,\n\t\t\t\t\t\tdebugMode:false,\n\t\t\t\t\t\tfallbacks: {\n\t\t\t\t\t\t\tsimplifyAll:\"off\",\n\t\t\t\t\t\t\tdisableFocusListener:false,\n\t\t\t\t\t\t}\n\t\t\t\t\t});\n\t\t\t\t}\n\t\t\t});\t\/*ready*\/\n\t\t<\/script>\n\t\t<\/div><!-- END REVOLUTION SLIDER -->\n<div class=\"column one\"><\/p>\n<h3>Ligera, resistente , atractiva y sin motor el\u00e9ctrico, la \u00a8Air Puffy\u00a8\u00a0vestir\u00e1 su stand con estilo , adem\u00e1s de su patio, balc\u00f3n, jard\u00edn y piscina.<\/h3>\n<h5>3 razones para elegir nuestros muebles hinchables :<\/h5>\n<ul>\n<li><strong>Resistente :<\/strong>\u00a0tratamiento\u00a0anti- UV, repelente al agua, resiste a salpicaduras de piscina, humedad y el moho.<\/li>\n<li><strong>Portable : <\/strong>plegable, puede mantenerse en una peque\u00f1a caja para almacenamiento.<\/li>\n<li><strong>Confortable :<\/strong>\u00a0ninguna pieza dura podr\u00e1 interferir con su comodidad.<\/li>\n<\/ul>\n<p><\/div>\n\n<hr style=\"margin: 0 0 30px;\" \/>\n\n<div class=\"column one\"><\/p>\n<h3>Tecnolog\u00eda innovadora<\/h3>\n<p style=\"text-align: left;\">El\u00a0mobiliario hinchable funciona utilizando la misma tecnolog\u00eda que las tiendas de campa\u00f1a y los mismos accesorios de inflado.<\/p>\n<p><hr style=\"margin: 0 0 30px;\" \/>\n<\/p>\n<p><div class=\"column one\"><\/div>\n<\/p>\n<h3>Personalice\u00a0vuestros muebles hinchables<\/h3>\n<p>Destaca con muebles hinchables personalizados de los colores de vuestra marca. Las posibilidades de personalizaci\u00f3n de nuestros muebles hinchables son infinitas gracias a<br \/>\nla sublimaci\u00f3n de tinta de impresi\u00f3n.<\/p>\n<pre id=\"tw-target-text\" class=\"tw-data-text vk_txt tw-ta tw-text-small\" dir=\"ltr\" data-fulltext=\"\" data-placeholder=\"Traduction\"><\/pre>\n<p><\/div>\n\n","protected":false},"excerpt":{"rendered":"","protected":false},"author":3,"featured_media":0,"parent":0,"menu_order":0,"comment_status":"closed","ping_status":"closed","template":"","meta":[],"yoast_head":"<!-- This site is optimized with the Yoast SEO plugin v16.1.1 - https:\/\/yoast.com\/wordpress\/plugins\/seo\/ -->\n<link rel=\"canonical\" href=\"https:\/\/www.vision-one.fr\/es\/mobiliario-hinchable\/\" \/>\n<meta property=\"og:locale\" content=\"es_ES\" \/>\n<meta property=\"og:type\" content=\"article\" \/>\n<meta property=\"og:title\" content=\"Mobiliario Hinchable - Vision One, tente publicitaire gonflable, totem publicitaire gonflable, meuble gonflable\" \/>\n<meta property=\"og:url\" content=\"https:\/\/www.vision-one.fr\/es\/mobiliario-hinchable\/\" \/>\n<meta property=\"og:site_name\" content=\"Vision One, tente publicitaire gonflable, totem publicitaire gonflable, meuble gonflable\" \/>\n<meta property=\"article:publisher\" content=\"https:\/\/www.facebook.com\/visioneone\" \/>\n<meta property=\"article:modified_time\" content=\"2016-07-01T14:17:54+00:00\" \/>\n<meta name=\"twitter:card\" content=\"summary\" \/>\n<meta name=\"twitter:label1\" content=\"Tiempo de lectura\">\n\t<meta name=\"twitter:data1\" content=\"1 minuto\">\n<script type=\"application\/ld+json\" class=\"yoast-schema-graph\">{\"@context\":\"https:\/\/schema.org\",\"@graph\":[{\"@type\":\"WebSite\",\"@id\":\"https:\/\/www.vision-one.fr\/#website\",\"url\":\"https:\/\/www.vision-one.fr\/\",\"name\":\"Vision One, tente publicitaire gonflable, totem publicitaire gonflable, meuble gonflable\",\"description\":\"Un expert \\u00e0 votre \\u00e9coute tente gonflable, totem publicitaire gonflable, meuble gonflable\",\"potentialAction\":[{\"@type\":\"SearchAction\",\"target\":\"https:\/\/www.vision-one.fr\/?s={search_term_string}\",\"query-input\":\"required name=search_term_string\"}],\"inLanguage\":\"es\"},{\"@type\":\"WebPage\",\"@id\":\"https:\/\/www.vision-one.fr\/es\/mobiliario-hinchable\/#webpage\",\"url\":\"https:\/\/www.vision-one.fr\/es\/mobiliario-hinchable\/\",\"name\":\"Mobiliario Hinchable - Vision One, tente publicitaire gonflable, totem publicitaire gonflable, meuble gonflable\",\"isPartOf\":{\"@id\":\"https:\/\/www.vision-one.fr\/#website\"},\"datePublished\":\"2016-06-29T12:37:49+00:00\",\"dateModified\":\"2016-07-01T14:17:54+00:00\",\"breadcrumb\":{\"@id\":\"https:\/\/www.vision-one.fr\/es\/mobiliario-hinchable\/#breadcrumb\"},\"inLanguage\":\"es\",\"potentialAction\":[{\"@type\":\"ReadAction\",\"target\":[\"https:\/\/www.vision-one.fr\/es\/mobiliario-hinchable\/\"]}]},{\"@type\":\"BreadcrumbList\",\"@id\":\"https:\/\/www.vision-one.fr\/es\/mobiliario-hinchable\/#breadcrumb\",\"itemListElement\":[{\"@type\":\"ListItem\",\"position\":1,\"item\":{\"@type\":\"WebPage\",\"@id\":\"https:\/\/www.vision-one.fr\/es\/\",\"url\":\"https:\/\/www.vision-one.fr\/es\/\",\"name\":\"Accueil\"}},{\"@type\":\"ListItem\",\"position\":2,\"item\":{\"@type\":\"WebPage\",\"@id\":\"https:\/\/www.vision-one.fr\/es\/mobiliario-hinchable\/\",\"url\":\"https:\/\/www.vision-one.fr\/es\/mobiliario-hinchable\/\",\"name\":\"Mobiliario Hinchable\"}}]}]}<\/script>\n<!-- \/ Yoast SEO plugin. -->","_links":{"self":[{"href":"https:\/\/www.vision-one.fr\/es\/wp-json\/wp\/v2\/pages\/9334\/"}],"collection":[{"href":"https:\/\/www.vision-one.fr\/es\/wp-json\/wp\/v2\/pages\/"}],"about":[{"href":"https:\/\/www.vision-one.fr\/es\/wp-json\/wp\/v2\/types\/page\/"}],"author":[{"embeddable":true,"href":"https:\/\/www.vision-one.fr\/es\/wp-json\/wp\/v2\/users\/3\/"}],"replies":[{"embeddable":true,"href":"https:\/\/www.vision-one.fr\/es\/wp-json\/wp\/v2\/comments\/?post=9334"}],"version-history":[{"count":0,"href":"https:\/\/www.vision-one.fr\/es\/wp-json\/wp\/v2\/pages\/9334\/revisions\/"}],"wp:attachment":[{"href":"https:\/\/www.vision-one.fr\/es\/wp-json\/wp\/v2\/media\/?parent=9334"}],"curies":[{"name":"wp","href":"https:\/\/api.w.org\/{rel}","templated":true}]}}