{"id":9339,"date":"2016-06-28T10:24:30","date_gmt":"2016-06-28T09:24:30","guid":{"rendered":"http:\/\/www.vision-one.fr\/es\/?page_id=9339"},"modified":"2016-07-01T15:51:58","modified_gmt":"2016-07-01T14:51:58","slug":"totem-hinchable","status":"publish","type":"page","link":"https:\/\/www.vision-one.fr\/es\/totem-hinchable\/","title":{"rendered":"T\u00f3tem Hinchable"},"content":{"rendered":"\n<div id=\"rev_slider_28_1_wrapper\" class=\"rev_slider_wrapper fullwidthbanner-container\" style=\"margin:0px auto;background-color:transparent;padding:0px;margin-top:0px;margin-bottom:0px;\">\n<!-- START REVOLUTION SLIDER 5.1.6 auto mode -->\n\t<div id=\"rev_slider_28_1\" class=\"rev_slider fullwidthabanner\" style=\"display:none;\" data-version=\"5.1.6\">\n<ul>\t<!-- SLIDE  -->\n\t<li data-index=\"rs-53\" data-transition=\"fade\" data-slotamount=\"default\" data-hideafterloop=\"0\" data-hideslideonmobile=\"off\"  data-easein=\"default\" data-easeout=\"default\" data-masterspeed=\"default\"  data-thumb=\"https:\/\/www.vision-one.fr\/wp-content\/uploads\/2017\/05\/totem-Kito-50x50.jpg\"  data-rotate=\"0\"  data-saveperformance=\"off\"  data-title=\"Slide\" data-param1=\"\" data-param2=\"\" data-param3=\"\" data-param4=\"\" data-param5=\"\" data-param6=\"\" data-param7=\"\" data-param8=\"\" data-param9=\"\" data-param10=\"\" data-description=\"\">\n\t\t<!-- MAIN IMAGE -->\n\t\t<img src=\"https:\/\/www.vision-one.fr\/wp-content\/plugins\/revslider\/admin\/assets\/images\/dummy.png\"  alt=\"Totem publicitaire gonflable\"  width=\"2048\" height=\"1536\" data-lazyload=\"https:\/\/www.vision-one.fr\/wp-content\/uploads\/2017\/05\/totem-Kito.jpg\" data-bgposition=\"center center\" data-bgfit=\"cover\" data-bgrepeat=\"no-repeat\" data-bgparallax=\"off\" class=\"rev-slidebg\" data-no-retina>\n\t\t<!-- LAYERS -->\n\n\t\t<!-- LAYER NR. 1 -->\n\t\t<div class=\"tp-caption boxed_large_green   tp-resizeme\" \n\t\t\t id=\"slide-53-layer-1\" \n\t\t\t data-x=\"['left','left','left','left']\" data-hoffset=\"['0','0','0','0']\" \n\t\t\t data-y=\"['middle','middle','middle','middle']\" data-voffset=\"['0','0','0','0']\" \n\t\t\t\t\t\tdata-width=\"none\"\n\t\t\tdata-height=\"none\"\n\t\t\tdata-whitespace=\"nowrap\"\n\t\t\tdata-transform_idle=\"o:1;\"\n \n\t\t\t data-transform_in=\"x:50px;opacity:0;s:300;e:Power2.easeInOut;\" \n\t\t\t data-transform_out=\"opacity:0;s:300;s:300;\" \n\t\t\tdata-start=\"500\" \n\t\t\tdata-splitin=\"none\" \n\t\t\tdata-splitout=\"none\" \n\t\t\tdata-basealign=\"slide\" \n\t\t\tdata-responsive_offset=\"on\" \n\n\t\t\t data-end=\"9000\" \n\n\t\t\tstyle=\"z-index: 5; white-space: nowrap; font-size: 30px; font-weight: 100;font-family:Arial;background-color:rgba(209, 98, 79, 1.00);padding:8px 12px 8px 12px;\">Hiper portable, te acompa\u00f1ar\u00e1 a cualquier lado  \n\t\t<\/div>\n\t<\/li>\n<\/ul>\n<div class=\"tp-bannertimer tp-bottom\" style=\"visibility: hidden !important;\"><\/div>\t<\/div>\n<script>var htmlDiv = document.getElementById(\"rs-plugin-settings-inline-css\"); var htmlDivCss=\".tp-caption.boxed_large_green,.boxed_large_green{font-size:38px;line-height:38px;color:#fff;padding:8px 12px 12px;position:absolute;background:#2ECC71}\";\n\t\t\t\tif(htmlDiv) {\n\t\t\t\t\thtmlDiv.innerHTML = htmlDiv.innerHTML + htmlDivCss;\n\t\t\t\t}else{\n\t\t\t\t\tvar htmlDiv = document.createElement(\"div\");\n\t\t\t\t\thtmlDiv.innerHTML = \"<style>\" + htmlDivCss + \"<\/style>\";\n\t\t\t\t\tdocument.getElementsByTagName(\"head\")[0].appendChild(htmlDiv.childNodes[0]);\n\t\t\t\t}\n\t\t\t<\/script>\n\t\t<script type=\"text\/javascript\">\n\t\t\t\t\t\t\/******************************************\n\t\t\t\t-\tPREPARE PLACEHOLDER FOR SLIDER\t-\n\t\t\t******************************************\/\n\n\t\t\tvar setREVStartSize=function(){\n\t\t\t\ttry{var e=new Object,i=jQuery(window).width(),t=9999,r=0,n=0,l=0,f=0,s=0,h=0;\n\t\t\t\t\te.c = jQuery('#rev_slider_28_1');\n\t\t\t\t\te.responsiveLevels = [1240,1024,778,480];\n\t\t\t\t\te.gridwidth = [650,1024,778,480];\n\t\t\t\t\te.gridheight = [274,500,400,300];\n\t\t\t\t\t\t\t\n\t\t\t\t\te.sliderLayout = \"auto\";\n\t\t\t\t\tif(e.responsiveLevels&&(jQuery.each(e.responsiveLevels,function(e,f){f>i&&(t=r=f,l=e),i>f&&f>r&&(r=f,n=e)}),t>r&&(l=n)),f=e.gridheight[l]||e.gridheight[0]||e.gridheight,s=e.gridwidth[l]||e.gridwidth[0]||e.gridwidth,h=i\/s,h=h>1?1:h,f=Math.round(h*f),\"fullscreen\"==e.sliderLayout){var u=(e.c.width(),jQuery(window).height());if(void 0!=e.fullScreenOffsetContainer){var c=e.fullScreenOffsetContainer.split(\",\");if (c) jQuery.each(c,function(e,i){u=jQuery(i).length>0?u-jQuery(i).outerHeight(!0):u}),e.fullScreenOffset.split(\"%\").length>1&&void 0!=e.fullScreenOffset&&e.fullScreenOffset.length>0?u-=jQuery(window).height()*parseInt(e.fullScreenOffset,0)\/100:void 0!=e.fullScreenOffset&&e.fullScreenOffset.length>0&&(u-=parseInt(e.fullScreenOffset,0))}f=u}else void 0!=e.minHeight&&f<e.minHeight&&(f=e.minHeight);e.c.closest(\".rev_slider_wrapper\").css({height:f})\n\t\t\t\t\t\n\t\t\t\t}catch(d){console.log(\"Failure at Presize of Slider:\"+d)}\n\t\t\t};\n\t\t\t\t\t\t\n\t\t\t\t\n\t\t\tsetREVStartSize();\n\t\t\tfunction revslider_showDoubleJqueryError(sliderID) {\n\t\t\t\t\tvar errorMessage = \"Revolution Slider Error: You have some jquery.js library include that comes after the revolution files js include.\";\n\t\t\t\t\terrorMessage += \"<br> This includes make eliminates the revolution slider libraries, and make it not work.\";\n\t\t\t\t\terrorMessage += \"<br><br> To fix it you can:<br>&nbsp;&nbsp;&nbsp; 1. In the Slider Settings -> Troubleshooting set option:  <strong><b>Put JS Includes To Body<\/b><\/strong> option to true.\";\n\t\t\t\t\terrorMessage += \"<br>&nbsp;&nbsp;&nbsp; 2. Find the double jquery.js include and remove it.\";\n\t\t\t\t\terrorMessage = \"<span style='font-size:16px;color:#BC0C06;'>\" + errorMessage + \"<\/span>\";\n\t\t\t\t\t\tjQuery(sliderID).show().html(errorMessage);\n\t\t\t\t}\n\t\t\t\t\t\tvar tpj=jQuery;\n\t\t\t\n\t\t\tvar revapi28;\n\t\t\ttpj(document).ready(function() {\n\t\t\t\tif(tpj(\"#rev_slider_28_1\").revolution == undefined){\n\t\t\t\t\trevslider_showDoubleJqueryError(\"#rev_slider_28_1\");\n\t\t\t\t}else{\n\t\t\t\t\trevapi28 = tpj(\"#rev_slider_28_1\").show().revolution({\n\t\t\t\t\t\tsliderType:\"hero\",\njsFileLocation:\"\/\/www.vision-one.fr\/wp-content\/plugins\/revslider\/public\/assets\/js\/\",\n\t\t\t\t\t\tsliderLayout:\"auto\",\n\t\t\t\t\t\tdottedOverlay:\"none\",\n\t\t\t\t\t\tdelay:9000,\n\t\t\t\t\t\tnavigation: {\n\t\t\t\t\t\t},\n\t\t\t\t\t\tresponsiveLevels:[1240,1024,778,480],\n\t\t\t\t\t\tvisibilityLevels:[1240,1024,778,480],\n\t\t\t\t\t\tgridwidth:[650,1024,778,480],\n\t\t\t\t\t\tgridheight:[274,500,400,300],\n\t\t\t\t\t\tlazyType:\"smart\",\n\t\t\t\t\t\tparallax: {\n\t\t\t\t\t\t\ttype:\"mouse\",\n\t\t\t\t\t\t\torigo:\"slidercenter\",\n\t\t\t\t\t\t\tspeed:2000,\n\t\t\t\t\t\t\tlevels:[2,3,4,5,6,7,12,16,10,50,46,47,48,49,50,55],\n\t\t\t\t\t\t\ttype:\"mouse\",\n\t\t\t\t\t\t},\n\t\t\t\t\t\tshadow:0,\n\t\t\t\t\t\tspinner:\"off\",\n\t\t\t\t\t\tautoHeight:\"on\",\n\t\t\t\t\t\tdisableProgressBar:\"on\",\n\t\t\t\t\t\thideThumbsOnMobile:\"on\",\n\t\t\t\t\t\thideSliderAtLimit:0,\n\t\t\t\t\t\thideCaptionAtLimit:0,\n\t\t\t\t\t\thideAllCaptionAtLilmit:0,\n\t\t\t\t\t\tdebugMode:false,\n\t\t\t\t\t\tfallbacks: {\n\t\t\t\t\t\t\tsimplifyAll:\"off\",\n\t\t\t\t\t\t\tdisableFocusListener:false,\n\t\t\t\t\t\t}\n\t\t\t\t\t});\n\t\t\t\t}\n\t\t\t});\t\/*ready*\/\n\t\t<\/script>\n\t\t<\/div><!-- END REVOLUTION SLIDER -->\n<div class=\"column one\"><\/p>\n<h3>Ultra\u00a0portable, facilidad de transportar a cualquier parte.<\/h3>\n<p><div class=\"column one-second\"><\/p>\n<p>Ultra-port\u00e1til, sin motor el\u00e9ctrico, visibilidad de 360\u00b0: facilidad de acompa\u00f1arle a todas partes.<br \/>\nUn medio de comunicaci\u00f3n 360\u00b0 , el t\u00f3tem inflable es <strong>adecuado para todo tipo de uso<\/strong>: de publicidad en puntos de venta en salas de exposiciones, un signo en los salones, aparcamientos, playas, monta\u00f1as\u00a0y\u00a0glaciares.<\/p>\n<p><strong>Puede resistir vientos de m\u00e1s de 70 km\/h y temperaturas de entre -25\u00b0 C y 50\u00b0 C.<\/strong><br \/>\n<\/div>\n<div class=\"column one-second\"><\/p>\n<ul>\n<li>Dise\u00f1o original y personalizable<\/li>\n<li>Estructura impermeable, estructura autosostenible, sin t\u00fanel de viento continuo<\/li>\n<li>No requiere electricidad<\/li>\n<li>Se puede transportar en una mochila (menos de 5 kg)<\/li>\n<li>Resiste circunstancias extremas<\/li>\n<li>3 tama\u00f1os (2, 3 y 4 metros) con el fin de ser visibles de cerca y de lejos<\/li>\n<\/ul>\n<p><\/div>\n<br \/>\n<\/div>\n\n<p><div class=\"column one\"><br \/>\n<div class=\"column one-second\"><\/div>\n<\/p>\n<hr style=\"margin: 0 0 30px;\" \/>\n\n<div class=\"column one\"><\/div>\n\n<h3>Personalice vuestro\u00a0t\u00f3tem hinchable<\/h3>\n<p style=\"text-align: left;\">Para<strong> personalizar su t\u00f3tem hinchable<\/strong>: 3 T\u00e9cnicas de impresi\u00f3n en funci\u00f3n de su visi\u00f3n y su presupuesto.<\/p>\n<p><\/div>\n<br \/>\n<div class=\"column one-third\"><img loading=\"lazy\" class=\"aligncenter wp-image-8844 size-full\" src=\"http:\/\/www.vision-one.fr\/wp-content\/uploads\/2015\/11\/totem_publicitaire_impression_sublimation.png\" alt=\"totem_publicitaire_impression_sublimation\" width=\"263\" height=\"250\" srcset=\"https:\/\/www.vision-one.fr\/wp-content\/uploads\/2015\/11\/totem_publicitaire_impression_sublimation.png 263w, https:\/\/www.vision-one.fr\/wp-content\/uploads\/2015\/11\/totem_publicitaire_impression_sublimation-150x143.png 150w, https:\/\/www.vision-one.fr\/wp-content\/uploads\/2015\/11\/totem_publicitaire_impression_sublimation-154x146.png 154w, https:\/\/www.vision-one.fr\/wp-content\/uploads\/2015\/11\/totem_publicitaire_impression_sublimation-50x48.png 50w, https:\/\/www.vision-one.fr\/wp-content\/uploads\/2015\/11\/totem_publicitaire_impression_sublimation-74x70.png 74w\" sizes=\"(max-width: 263px) 100vw, 263px\" \/><\/p>\n<h5>Impresi\u00f3n en\u00a0sublimaci\u00f3n de tinta<\/h5>\n<ul>\n<li>Calcet\u00edn en lycra desmontable.<\/li>\n<li>Desmontaje visual para desarrollar su mensaje al mirar\u00a0la estructura.<\/li>\n<li>Acabado de alta calidad, resultados excepcionales!<\/li>\n<\/ul>\n<p><\/div>\n<\/p>\n<p><div class=\"column one-third\"><img loading=\"lazy\" class=\"aligncenter wp-image-8843 size-full\" src=\"http:\/\/www.vision-one.fr\/wp-content\/uploads\/2015\/11\/totem_publicitaire_impression_numerique.png\" alt=\"totem_publicitaire_impression_numerique\" width=\"260\" height=\"250\" srcset=\"https:\/\/www.vision-one.fr\/wp-content\/uploads\/2015\/11\/totem_publicitaire_impression_numerique.png 260w, https:\/\/www.vision-one.fr\/wp-content\/uploads\/2015\/11\/totem_publicitaire_impression_numerique-150x144.png 150w, https:\/\/www.vision-one.fr\/wp-content\/uploads\/2015\/11\/totem_publicitaire_impression_numerique-152x146.png 152w, https:\/\/www.vision-one.fr\/wp-content\/uploads\/2015\/11\/totem_publicitaire_impression_numerique-50x48.png 50w, https:\/\/www.vision-one.fr\/wp-content\/uploads\/2015\/11\/totem_publicitaire_impression_numerique-73x70.png 73w\" sizes=\"(max-width: 260px) 100vw, 260px\" \/><\/p>\n<h5>Impresi\u00f3n Digital<\/h5>\n<ul>\n<li>Encerado del PVC digital, velcro-desmontable<\/li>\n<li>Desmontaje visual para desarrollar su mensaje\u00a0al mirar\u00a0la estructura<\/li>\n<li>Impresi\u00f3n de \u00e1rea ajustada a\u00a0presupuesto<\/li>\n<li>Acabado de fotograf\u00eda<\/li>\n<\/ul>\n<p><\/div>\n<br \/>\n<div class=\"column one-third\"><\/p>\n<p><a href=\"http:\/\/www.vision-one.fr\/wp-content\/uploads\/2015\/11\/Vroom-totem-copie1.jpg\"><img loading=\"lazy\" class=\"wp-image-9001 aligncenter\" src=\"http:\/\/www.vision-one.fr\/wp-content\/uploads\/2015\/11\/Vroom-totem-copie1-225x300.jpg\" alt=\"\" width=\"188\" height=\"250\" srcset=\"https:\/\/www.vision-one.fr\/wp-content\/uploads\/2015\/11\/Vroom-totem-copie1-225x300.jpg 225w, https:\/\/www.vision-one.fr\/wp-content\/uploads\/2015\/11\/Vroom-totem-copie1-113x150.jpg 113w, https:\/\/www.vision-one.fr\/wp-content\/uploads\/2015\/11\/Vroom-totem-copie1-768x1024.jpg 768w, https:\/\/www.vision-one.fr\/wp-content\/uploads\/2015\/11\/Vroom-totem-copie1-110x146.jpg 110w, https:\/\/www.vision-one.fr\/wp-content\/uploads\/2015\/11\/Vroom-totem-copie1-38x50.jpg 38w, https:\/\/www.vision-one.fr\/wp-content\/uploads\/2015\/11\/Vroom-totem-copie1-53x70.jpg 53w\" sizes=\"(max-width: 188px) 100vw, 188px\" \/><\/a><\/p>\n<h5>Impresi\u00f3n de soldadura t\u00e9rmica<\/h5>\n<ul>\n<li>Impresi\u00f3n directa sobre el t\u00f3tem<\/li>\n<li>Impresi\u00f3n sobre\u00a0el \u00e1rea deseada ajustada a\u00a0presupuesto<\/li>\n<li>Impresi\u00f3n de logotipos de vectores con bordes afilados<\/li>\n<\/ul>\n<p><\/div>\n<\/p>\n<hr style=\"margin: 0 0 30px;\" \/>\n\n<div class=\"column one\"><\/div>\n\n<h3><strong>Tecnolog\u00eda innovadora<\/strong><\/h3>\n<p>Gracias a la tecnolog\u00eda innovadora que utiliza aire capturado y materiales especializados, <strong>el t\u00f3tem es muy ligero, compacto y se puede montar en menos de 2 minutos<\/strong> por una sola persona.<\/p>\n<div class=\"column one-third\"><img loading=\"lazy\" class=\"aligncenter size-full wp-image-8852\" src=\"http:\/\/www.vision-one.fr\/wp-content\/uploads\/2015\/11\/totem_publicitaire_tech_1.jpg\" alt=\"Totem publicitaire gonflable\" width=\"275\" height=\"200\" srcset=\"https:\/\/www.vision-one.fr\/wp-content\/uploads\/2015\/11\/totem_publicitaire_tech_1.jpg 275w, https:\/\/www.vision-one.fr\/wp-content\/uploads\/2015\/11\/totem_publicitaire_tech_1-150x109.jpg 150w, https:\/\/www.vision-one.fr\/wp-content\/uploads\/2015\/11\/totem_publicitaire_tech_1-201x146.jpg 201w, https:\/\/www.vision-one.fr\/wp-content\/uploads\/2015\/11\/totem_publicitaire_tech_1-50x36.jpg 50w, https:\/\/www.vision-one.fr\/wp-content\/uploads\/2015\/11\/totem_publicitaire_tech_1-96x70.jpg 96w\" sizes=\"(max-width: 275px) 100vw, 275px\" \/><\/p>\n<p>Una vez inflado, el aire permanece confinado en la c\u00e1mara de aire <strong>sin necesidad de utilizar un compresor el\u00e9ctrico ruidoso<\/strong> enchufado a un\u00a0conector.<\/p>\n<p>&nbsp;<\/p>\n<p><\/div>\n\n<div class=\"column one-third\"><img loading=\"lazy\" class=\"aligncenter size-full wp-image-8853\" src=\"http:\/\/www.vision-one.fr\/wp-content\/uploads\/2015\/11\/totem_publicitaire_tech_2.jpg\" alt=\"Totem publicitaire gonflable\" width=\"275\" height=\"200\" srcset=\"https:\/\/www.vision-one.fr\/wp-content\/uploads\/2015\/11\/totem_publicitaire_tech_2.jpg 275w, https:\/\/www.vision-one.fr\/wp-content\/uploads\/2015\/11\/totem_publicitaire_tech_2-150x109.jpg 150w, https:\/\/www.vision-one.fr\/wp-content\/uploads\/2015\/11\/totem_publicitaire_tech_2-201x146.jpg 201w, https:\/\/www.vision-one.fr\/wp-content\/uploads\/2015\/11\/totem_publicitaire_tech_2-50x36.jpg 50w, https:\/\/www.vision-one.fr\/wp-content\/uploads\/2015\/11\/totem_publicitaire_tech_2-96x70.jpg 96w\" sizes=\"(max-width: 275px) 100vw, 275px\" \/><\/p>\n<p>El t\u00f3tem est\u00e1 equipado con una base plana que le proporciona una<strong> gran estabilidad<\/strong>. Usted puede poner\u00a0el lastre dentro del t\u00f3tem para aumentar\u00a0el impacto visual de su medio.<\/p>\n<p><\/div>\n\n<div class=\"column one-third\"><img loading=\"lazy\" class=\"aligncenter size-full wp-image-8850\" src=\"http:\/\/www.vision-one.fr\/wp-content\/uploads\/2015\/11\/totem_publicitaire_tech_4.jpg\" alt=\"totem_publicitaire_tech_4\" width=\"275\" height=\"200\" srcset=\"https:\/\/www.vision-one.fr\/wp-content\/uploads\/2015\/11\/totem_publicitaire_tech_4.jpg 275w, https:\/\/www.vision-one.fr\/wp-content\/uploads\/2015\/11\/totem_publicitaire_tech_4-150x109.jpg 150w, https:\/\/www.vision-one.fr\/wp-content\/uploads\/2015\/11\/totem_publicitaire_tech_4-201x146.jpg 201w, https:\/\/www.vision-one.fr\/wp-content\/uploads\/2015\/11\/totem_publicitaire_tech_4-50x36.jpg 50w, https:\/\/www.vision-one.fr\/wp-content\/uploads\/2015\/11\/totem_publicitaire_tech_4-96x70.jpg 96w\" sizes=\"(max-width: 275px) 100vw, 275px\" \/><\/p>\n<p>En el exterior, si\u00a0la condici\u00f3n meteorol\u00f3gica se tornan dificil, puede utilizar nuestros\u00a0<strong>sistemas de lastrado externos, kits de apuntalaje\u00a0y estacas de sujeci\u00f3n.<\/strong><\/p>\n<p><strong>\u00a0<\/strong><\/p>\n<p><\/div>\n\n","protected":false},"excerpt":{"rendered":"<p>Tecnolog\u00eda innovadora Gracias a la tecnolog\u00eda innovadora que utiliza aire capturado y materiales especializados, el t\u00f3tem es muy ligero, compacto y se puede montar en menos de 2 minutos por una sola persona.<\/p>\n","protected":false},"author":3,"featured_media":0,"parent":0,"menu_order":0,"comment_status":"closed","ping_status":"closed","template":"","meta":[],"yoast_head":"<!-- This site is optimized with the Yoast SEO plugin v16.1.1 - https:\/\/yoast.com\/wordpress\/plugins\/seo\/ -->\n<link rel=\"canonical\" href=\"https:\/\/www.vision-one.fr\/es\/totem-hinchable\/\" \/>\n<meta property=\"og:locale\" content=\"es_ES\" \/>\n<meta property=\"og:type\" content=\"article\" \/>\n<meta property=\"og:title\" content=\"T\u00f3tem Hinchable - Vision One, tente publicitaire gonflable, totem publicitaire gonflable, meuble gonflable\" \/>\n<meta property=\"og:description\" content=\"Tecnolog\u00eda innovadora Gracias a la tecnolog\u00eda innovadora que utiliza aire capturado y materiales especializados, el t\u00f3tem es muy ligero, compacto y se puede montar en menos de 2 minutos por una sola persona.\" \/>\n<meta property=\"og:url\" content=\"https:\/\/www.vision-one.fr\/es\/totem-hinchable\/\" \/>\n<meta property=\"og:site_name\" content=\"Vision One, tente publicitaire gonflable, totem publicitaire gonflable, meuble gonflable\" \/>\n<meta property=\"article:publisher\" content=\"https:\/\/www.facebook.com\/visioneone\" \/>\n<meta property=\"article:modified_time\" content=\"2016-07-01T14:51:58+00:00\" \/>\n<meta property=\"og:image\" content=\"http:\/\/www.vision-one.fr\/wp-content\/uploads\/2015\/11\/totem_publicitaire_impression_sublimation.png\" \/>\n<meta name=\"twitter:card\" content=\"summary\" \/>\n<meta name=\"twitter:label1\" content=\"Tiempo de lectura\">\n\t<meta name=\"twitter:data1\" content=\"2 minutos\">\n<script type=\"application\/ld+json\" class=\"yoast-schema-graph\">{\"@context\":\"https:\/\/schema.org\",\"@graph\":[{\"@type\":\"WebSite\",\"@id\":\"https:\/\/www.vision-one.fr\/#website\",\"url\":\"https:\/\/www.vision-one.fr\/\",\"name\":\"Vision One, tente publicitaire gonflable, totem publicitaire gonflable, meuble gonflable\",\"description\":\"Un expert \\u00e0 votre \\u00e9coute tente gonflable, totem publicitaire gonflable, meuble gonflable\",\"potentialAction\":[{\"@type\":\"SearchAction\",\"target\":\"https:\/\/www.vision-one.fr\/?s={search_term_string}\",\"query-input\":\"required name=search_term_string\"}],\"inLanguage\":\"es\"},{\"@type\":\"ImageObject\",\"@id\":\"https:\/\/www.vision-one.fr\/es\/totem-hinchable\/#primaryimage\",\"inLanguage\":\"es\",\"url\":\"http:\/\/www.vision-one.fr\/wp-content\/uploads\/2015\/11\/totem_publicitaire_impression_sublimation.png\",\"contentUrl\":\"http:\/\/www.vision-one.fr\/wp-content\/uploads\/2015\/11\/totem_publicitaire_impression_sublimation.png\"},{\"@type\":\"WebPage\",\"@id\":\"https:\/\/www.vision-one.fr\/es\/totem-hinchable\/#webpage\",\"url\":\"https:\/\/www.vision-one.fr\/es\/totem-hinchable\/\",\"name\":\"T\\u00f3tem Hinchable - Vision One, tente publicitaire gonflable, totem publicitaire gonflable, meuble gonflable\",\"isPartOf\":{\"@id\":\"https:\/\/www.vision-one.fr\/#website\"},\"primaryImageOfPage\":{\"@id\":\"https:\/\/www.vision-one.fr\/es\/totem-hinchable\/#primaryimage\"},\"datePublished\":\"2016-06-28T09:24:30+00:00\",\"dateModified\":\"2016-07-01T14:51:58+00:00\",\"breadcrumb\":{\"@id\":\"https:\/\/www.vision-one.fr\/es\/totem-hinchable\/#breadcrumb\"},\"inLanguage\":\"es\",\"potentialAction\":[{\"@type\":\"ReadAction\",\"target\":[\"https:\/\/www.vision-one.fr\/es\/totem-hinchable\/\"]}]},{\"@type\":\"BreadcrumbList\",\"@id\":\"https:\/\/www.vision-one.fr\/es\/totem-hinchable\/#breadcrumb\",\"itemListElement\":[{\"@type\":\"ListItem\",\"position\":1,\"item\":{\"@type\":\"WebPage\",\"@id\":\"https:\/\/www.vision-one.fr\/es\/\",\"url\":\"https:\/\/www.vision-one.fr\/es\/\",\"name\":\"Accueil\"}},{\"@type\":\"ListItem\",\"position\":2,\"item\":{\"@type\":\"WebPage\",\"@id\":\"https:\/\/www.vision-one.fr\/es\/totem-hinchable\/\",\"url\":\"https:\/\/www.vision-one.fr\/es\/totem-hinchable\/\",\"name\":\"T\\u00f3tem Hinchable\"}}]}]}<\/script>\n<!-- \/ Yoast SEO plugin. -->","_links":{"self":[{"href":"https:\/\/www.vision-one.fr\/es\/wp-json\/wp\/v2\/pages\/9339\/"}],"collection":[{"href":"https:\/\/www.vision-one.fr\/es\/wp-json\/wp\/v2\/pages\/"}],"about":[{"href":"https:\/\/www.vision-one.fr\/es\/wp-json\/wp\/v2\/types\/page\/"}],"author":[{"embeddable":true,"href":"https:\/\/www.vision-one.fr\/es\/wp-json\/wp\/v2\/users\/3\/"}],"replies":[{"embeddable":true,"href":"https:\/\/www.vision-one.fr\/es\/wp-json\/wp\/v2\/comments\/?post=9339"}],"version-history":[{"count":0,"href":"https:\/\/www.vision-one.fr\/es\/wp-json\/wp\/v2\/pages\/9339\/revisions\/"}],"wp:attachment":[{"href":"https:\/\/www.vision-one.fr\/es\/wp-json\/wp\/v2\/media\/?parent=9339"}],"curies":[{"name":"wp","href":"https:\/\/api.w.org\/{rel}","templated":true}]}}