{"id":9342,"date":"2016-06-29T13:36:53","date_gmt":"2016-06-29T12:36:53","guid":{"rendered":"http:\/\/www.vision-one.fr\/es\/?page_id=9342"},"modified":"2016-07-01T15:17:26","modified_gmt":"2016-07-01T14:17:26","slug":"la-marca","status":"publish","type":"page","link":"https:\/\/www.vision-one.fr\/es\/la-marca\/","title":{"rendered":"La marca"},"content":{"rendered":"<p>Situados en el sur de Francia, en la regi\u00f3n de Languedoc-Roussillon, Montpellier, Vision One\u00a0es una marca comercial de V1 Group SRL\u00a0que se especializa desde 2003 en el <strong>desarrollo y dise\u00f1o de equipos de comunicaci\u00f3n de eventos y publicidad hinchable<\/strong>\u00a0de alta gama.<\/p>\n<p>&nbsp;<\/p>\n<p><a href=\"http:\/\/www.vision-one.fr\/wp-content\/uploads\/2015\/11\/3-D-tente-X-roof-copie.png\">\u00a0<\/a><\/p>\n<p><a href=\"http:\/\/www.vision-one.fr\/wp-content\/uploads\/2015\/11\/2.jpg\"><img loading=\"lazy\" class=\"alignleft wp-image-8954\" src=\"http:\/\/www.vision-one.fr\/wp-content\/uploads\/2015\/11\/2-1024x671.jpg\" alt=\"La marque Vision One, sp\u00e9cialiste de la tente gonflable\" width=\"623\" height=\"408\" srcset=\"https:\/\/www.vision-one.fr\/wp-content\/uploads\/2015\/11\/2-1024x671.jpg 1024w, https:\/\/www.vision-one.fr\/wp-content\/uploads\/2015\/11\/2-150x98.jpg 150w, https:\/\/www.vision-one.fr\/wp-content\/uploads\/2015\/11\/2-300x196.jpg 300w, https:\/\/www.vision-one.fr\/wp-content\/uploads\/2015\/11\/2-223x146.jpg 223w, https:\/\/www.vision-one.fr\/wp-content\/uploads\/2015\/11\/2-50x33.jpg 50w, https:\/\/www.vision-one.fr\/wp-content\/uploads\/2015\/11\/2-107x70.jpg 107w\" sizes=\"(max-width: 623px) 100vw, 623px\" \/><\/a><\/p>\n<p><strong>Historia de Visi\u00f3n One<\/strong><\/p>\n<p><strong>Inventor en 2003<\/strong> de las carpas hinchables de aire cautivo. Hemos sido capaces de proteger nuestra tecnolog\u00eda que hace de nuestra tienda una estructura fiable y duradera. Una patente en Francia (N\u00ba 0205788), la\u00a0segunda\u00a0en Europa (N\u00ba 1504432) y una tercera en los Estados Unidos (N\u00ba 755255B2) fueron depositados para tales fines.<\/p>\n<p>&nbsp;<\/p>\n<p>&nbsp;<\/p>\n<p>&nbsp;<\/p>\n<p>&nbsp;<\/p>\n<p><strong>El primer \u00e9xito en 2005<\/strong><\/p>\n<p>La realizaci\u00f3n de la primera aldea\u00a0de tiendas hinchables a aire cautivo: 52 tiendas a\u00a03200 m de altitud por 2 semanas durante el mundial de esqu\u00ed y de snowboard en los Alpes. Estamos encantados al\u00a0constatar que 10 a\u00f1os despu\u00e9s, el equipo provisto sigue siendo funcional.<\/p>\n<p>&nbsp;<\/p>\n<p>&nbsp;<\/p>\n<p><a href=\"http:\/\/www.vision-one.fr\/wp-content\/uploads\/2015\/11\/design-montage.jpg\"><img loading=\"lazy\" class=\"wp-image-8949 alignright\" src=\"http:\/\/www.vision-one.fr\/wp-content\/uploads\/2015\/11\/design-montage.jpg\" alt=\"design montage\" width=\"294\" height=\"279\" srcset=\"https:\/\/www.vision-one.fr\/wp-content\/uploads\/2015\/11\/design-montage.jpg 953w, https:\/\/www.vision-one.fr\/wp-content\/uploads\/2015\/11\/design-montage-150x142.jpg 150w, https:\/\/www.vision-one.fr\/wp-content\/uploads\/2015\/11\/design-montage-300x284.jpg 300w, https:\/\/www.vision-one.fr\/wp-content\/uploads\/2015\/11\/design-montage-154x146.jpg 154w, https:\/\/www.vision-one.fr\/wp-content\/uploads\/2015\/11\/design-montage-50x47.jpg 50w, https:\/\/www.vision-one.fr\/wp-content\/uploads\/2015\/11\/design-montage-74x70.jpg 74w\" sizes=\"(max-width: 294px) 100vw, 294px\" \/><\/a><\/p>\n<p>&nbsp;<\/p>\n<p><img loading=\"lazy\" class=\"alignright wp-image-8952\" src=\"http:\/\/www.vision-one.fr\/wp-content\/uploads\/2015\/11\/3-D-tente-X-roof-copie-300x194.png\" alt=\"Tente gonflable X roof 3D\" width=\"303\" height=\"199\" srcset=\"https:\/\/www.vision-one.fr\/wp-content\/uploads\/2015\/11\/3-D-tente-X-roof-copie-50x32.png 50w, https:\/\/www.vision-one.fr\/wp-content\/uploads\/2015\/11\/3-D-tente-X-roof-copie-150x100.png 150w, https:\/\/www.vision-one.fr\/wp-content\/uploads\/2015\/11\/3-D-tente-X-roof-copie-108x70.png 108w\" sizes=\"(max-width: 303px) 100vw, 303px\" \/><\/p>\n<p style=\"text-align: left;\"><strong>Nuestra oficina de I&amp;D<br \/>\n<\/strong><\/p>\n<p style=\"text-align: left;\">Mejora continua cada a\u00f1o de nuestras carpas hinchables,\u00a0detalle a detalle, para que sea la <strong>mejor herramienta<\/strong><br \/>\n<strong>para su comunicaci\u00f3n<\/strong>.<\/p>\n<p>&nbsp;<\/p>\n<p>&nbsp;<\/p>\n<p>&nbsp;<\/p>\n<p><strong>Habilidad Visi\u00f3n-Uno<br \/>\n<\/strong>El dise\u00f1o, los prototipos y pruebas se realizan en Francia. Nuestra unidad de producci\u00f3n en serie est\u00e1 situada\u00a0en Asia. El control de calidad,\u00a0la\u00a0impresi\u00f3n y personalizaci\u00f3n a la medida\u00a0se realizan\u00a0nuestros talleres en Francia para obtener la respuesta \u00f3ptima.<\/p>\n<p>&nbsp;<\/p>\n<p><div class=\"column one-fourth\"><a href=\"http:\/\/www.vision-one.fr\/wp-content\/uploads\/2015\/11\/couture.jpg\"><img loading=\"lazy\" class=\"alignleft wp-image-8965 size-medium\" src=\"http:\/\/www.vision-one.fr\/wp-content\/uploads\/2015\/11\/couture-199x300.jpg\" alt=\"Tente gonflable couture\" width=\"199\" height=\"300\" srcset=\"https:\/\/www.vision-one.fr\/wp-content\/uploads\/2015\/11\/couture-199x300.jpg 199w, https:\/\/www.vision-one.fr\/wp-content\/uploads\/2015\/11\/couture-99x150.jpg 99w, https:\/\/www.vision-one.fr\/wp-content\/uploads\/2015\/11\/couture-678x1024.jpg 678w, https:\/\/www.vision-one.fr\/wp-content\/uploads\/2015\/11\/couture-97x146.jpg 97w, https:\/\/www.vision-one.fr\/wp-content\/uploads\/2015\/11\/couture-33x50.jpg 33w, https:\/\/www.vision-one.fr\/wp-content\/uploads\/2015\/11\/couture-46x70.jpg 46w\" sizes=\"(max-width: 199px) 100vw, 199px\" \/><\/a><\/div>\n<div class=\"column three-fourth\"> <a href=\"http:\/\/www.vision-one.fr\/wp-content\/uploads\/2015\/11\/usine.jpg\"><img loading=\"lazy\" class=\"alignleft wp-image-8968\" src=\"http:\/\/www.vision-one.fr\/wp-content\/uploads\/2015\/11\/usine-300x225.jpg\" alt=\"Couture tente gonflable\" width=\"389\" height=\"292\" srcset=\"https:\/\/www.vision-one.fr\/wp-content\/uploads\/2015\/11\/usine-300x225.jpg 300w, https:\/\/www.vision-one.fr\/wp-content\/uploads\/2015\/11\/usine-150x113.jpg 150w, https:\/\/www.vision-one.fr\/wp-content\/uploads\/2015\/11\/usine-1024x768.jpg 1024w, https:\/\/www.vision-one.fr\/wp-content\/uploads\/2015\/11\/usine-195x146.jpg 195w, https:\/\/www.vision-one.fr\/wp-content\/uploads\/2015\/11\/usine-50x38.jpg 50w, https:\/\/www.vision-one.fr\/wp-content\/uploads\/2015\/11\/usine-380x285.jpg 380w, https:\/\/www.vision-one.fr\/wp-content\/uploads\/2015\/11\/usine-93x70.jpg 93w\" sizes=\"(max-width: 389px) 100vw, 389px\" \/><\/a><\/div>\n<\/p>\n<p><strong>V1 Grupo cuenta con tres marcas especializadas:<\/strong><\/p>\n<ul>\n<li><strong>Quicktent.fr:<\/strong> Stand especializada en stands\u00a0y carpas plegables.<\/li>\n<li><strong>Vision-one.fr:<\/strong>\u00a0especializada en\u00a0tiendas hinchables, muebles inflables y t\u00f3tems.<\/li>\n<li><strong>Outdoor-display.fr:<\/strong> se especializa en medios impresos publicitarios, banderolas, pancartas y Publicidad de Lugar de Venta (PLV).<\/li>\n<\/ul>\n<p>Utilizar un producto dise\u00f1ado por el Grupo V1, es elegir la calidad, servicio e innovaci\u00f3n que le permitir\u00e1n\u00a0hacerse notar de manera natural.<\/p>\n","protected":false},"excerpt":{"rendered":"<p>Situados en el sur de Francia, en la regi\u00f3n de Languedoc-Roussillon, Montpellier, Vision One\u00a0es una marca comercial de V1 Group SRL\u00a0que se especializa desde 2003 en el desarrollo y dise\u00f1o de equipos de comunicaci\u00f3n de eventos y publicidad hinchable\u00a0de alta gama. &nbsp; \u00a0 Historia de Visi\u00f3n One Inventor en 2003 de las carpas hinchables de [&hellip;]<\/p>\n","protected":false},"author":3,"featured_media":0,"parent":0,"menu_order":0,"comment_status":"closed","ping_status":"closed","template":"","meta":[],"yoast_head":"<!-- This site is optimized with the Yoast SEO plugin v16.1.1 - https:\/\/yoast.com\/wordpress\/plugins\/seo\/ -->\n<link rel=\"canonical\" href=\"https:\/\/www.vision-one.fr\/es\/la-marca\/\" \/>\n<meta property=\"og:locale\" content=\"es_ES\" \/>\n<meta property=\"og:type\" content=\"article\" \/>\n<meta property=\"og:title\" content=\"La marca - Vision One, tente publicitaire gonflable, totem publicitaire gonflable, meuble gonflable\" \/>\n<meta property=\"og:description\" content=\"Situados en el sur de Francia, en la regi\u00f3n de Languedoc-Roussillon, Montpellier, Vision One\u00a0es una marca comercial de V1 Group SRL\u00a0que se especializa desde 2003 en el desarrollo y dise\u00f1o de equipos de comunicaci\u00f3n de eventos y publicidad hinchable\u00a0de alta gama. &nbsp; \u00a0 Historia de Visi\u00f3n One Inventor en 2003 de las carpas hinchables de [&hellip;]\" \/>\n<meta property=\"og:url\" content=\"https:\/\/www.vision-one.fr\/es\/la-marca\/\" \/>\n<meta property=\"og:site_name\" content=\"Vision One, tente publicitaire gonflable, totem publicitaire gonflable, meuble gonflable\" \/>\n<meta property=\"article:publisher\" content=\"https:\/\/www.facebook.com\/visioneone\" \/>\n<meta property=\"article:modified_time\" content=\"2016-07-01T14:17:26+00:00\" \/>\n<meta property=\"og:image\" content=\"http:\/\/www.vision-one.fr\/wp-content\/uploads\/2015\/11\/2-1024x671.jpg\" \/>\n<meta name=\"twitter:card\" content=\"summary\" \/>\n<meta name=\"twitter:label1\" content=\"Tiempo de lectura\">\n\t<meta name=\"twitter:data1\" content=\"2 minutos\">\n<script type=\"application\/ld+json\" class=\"yoast-schema-graph\">{\"@context\":\"https:\/\/schema.org\",\"@graph\":[{\"@type\":\"WebSite\",\"@id\":\"https:\/\/www.vision-one.fr\/#website\",\"url\":\"https:\/\/www.vision-one.fr\/\",\"name\":\"Vision One, tente publicitaire gonflable, totem publicitaire gonflable, meuble gonflable\",\"description\":\"Un expert \\u00e0 votre \\u00e9coute tente gonflable, totem publicitaire gonflable, meuble gonflable\",\"potentialAction\":[{\"@type\":\"SearchAction\",\"target\":\"https:\/\/www.vision-one.fr\/?s={search_term_string}\",\"query-input\":\"required name=search_term_string\"}],\"inLanguage\":\"es\"},{\"@type\":\"ImageObject\",\"@id\":\"https:\/\/www.vision-one.fr\/es\/la-marca\/#primaryimage\",\"inLanguage\":\"es\",\"url\":\"http:\/\/www.vision-one.fr\/wp-content\/uploads\/2015\/11\/2-1024x671.jpg\",\"contentUrl\":\"http:\/\/www.vision-one.fr\/wp-content\/uploads\/2015\/11\/2-1024x671.jpg\"},{\"@type\":\"WebPage\",\"@id\":\"https:\/\/www.vision-one.fr\/es\/la-marca\/#webpage\",\"url\":\"https:\/\/www.vision-one.fr\/es\/la-marca\/\",\"name\":\"La marca - Vision One, tente publicitaire gonflable, totem publicitaire gonflable, meuble gonflable\",\"isPartOf\":{\"@id\":\"https:\/\/www.vision-one.fr\/#website\"},\"primaryImageOfPage\":{\"@id\":\"https:\/\/www.vision-one.fr\/es\/la-marca\/#primaryimage\"},\"datePublished\":\"2016-06-29T12:36:53+00:00\",\"dateModified\":\"2016-07-01T14:17:26+00:00\",\"breadcrumb\":{\"@id\":\"https:\/\/www.vision-one.fr\/es\/la-marca\/#breadcrumb\"},\"inLanguage\":\"es\",\"potentialAction\":[{\"@type\":\"ReadAction\",\"target\":[\"https:\/\/www.vision-one.fr\/es\/la-marca\/\"]}]},{\"@type\":\"BreadcrumbList\",\"@id\":\"https:\/\/www.vision-one.fr\/es\/la-marca\/#breadcrumb\",\"itemListElement\":[{\"@type\":\"ListItem\",\"position\":1,\"item\":{\"@type\":\"WebPage\",\"@id\":\"https:\/\/www.vision-one.fr\/es\/\",\"url\":\"https:\/\/www.vision-one.fr\/es\/\",\"name\":\"Accueil\"}},{\"@type\":\"ListItem\",\"position\":2,\"item\":{\"@type\":\"WebPage\",\"@id\":\"https:\/\/www.vision-one.fr\/es\/la-marca\/\",\"url\":\"https:\/\/www.vision-one.fr\/es\/la-marca\/\",\"name\":\"La marca\"}}]}]}<\/script>\n<!-- \/ Yoast SEO plugin. -->","_links":{"self":[{"href":"https:\/\/www.vision-one.fr\/es\/wp-json\/wp\/v2\/pages\/9342\/"}],"collection":[{"href":"https:\/\/www.vision-one.fr\/es\/wp-json\/wp\/v2\/pages\/"}],"about":[{"href":"https:\/\/www.vision-one.fr\/es\/wp-json\/wp\/v2\/types\/page\/"}],"author":[{"embeddable":true,"href":"https:\/\/www.vision-one.fr\/es\/wp-json\/wp\/v2\/users\/3\/"}],"replies":[{"embeddable":true,"href":"https:\/\/www.vision-one.fr\/es\/wp-json\/wp\/v2\/comments\/?post=9342"}],"version-history":[{"count":0,"href":"https:\/\/www.vision-one.fr\/es\/wp-json\/wp\/v2\/pages\/9342\/revisions\/"}],"wp:attachment":[{"href":"https:\/\/www.vision-one.fr\/es\/wp-json\/wp\/v2\/media\/?parent=9342"}],"curies":[{"name":"wp","href":"https:\/\/api.w.org\/{rel}","templated":true}]}}