{"id":9352,"date":"2016-06-29T13:39:15","date_gmt":"2016-06-29T12:39:15","guid":{"rendered":"http:\/\/www.vision-one.fr\/es\/?page_id=9352"},"modified":"2019-05-02T09:04:46","modified_gmt":"2019-05-02T08:04:46","slug":"accueil","status":"publish","type":"page","link":"https:\/\/www.vision-one.fr\/es\/","title":{"rendered":"Bienvenida"},"content":{"rendered":"<p>Situado en Montpellier, Vision\u00a0One\u00a0est\u00e1 especializada en la concepci\u00f3n del dise\u00f1o y comercializaci\u00f3n de las tiendas publicitarias\u00a0hinchables, t\u00f3tems publicitarios\u00a0hinchables y muebles\u00a0hinchables.<\/p>\n<p>Descubre la presentaci\u00f3n completa de la Visi\u00f3n One\u00a0en el apartado <a href=\"http:\/\/www.vision-one.fr\/es\/la-marca\/\">la marca.<\/a><\/p>\n","protected":false},"excerpt":{"rendered":"<p>Situado en Montpellier, Vision\u00a0One\u00a0est\u00e1 especializada en la concepci\u00f3n del dise\u00f1o y comercializaci\u00f3n de las tiendas publicitarias\u00a0hinchables, t\u00f3tems publicitarios\u00a0hinchables y muebles\u00a0hinchables. Descubre la presentaci\u00f3n completa de la Visi\u00f3n One\u00a0en el apartado la marca.<\/p>\n","protected":false},"author":3,"featured_media":0,"parent":0,"menu_order":1,"comment_status":"open","ping_status":"closed","template":"","meta":[],"yoast_head":"<!-- This site is optimized with the Yoast SEO plugin v16.1.1 - https:\/\/yoast.com\/wordpress\/plugins\/seo\/ -->\n<link rel=\"canonical\" href=\"https:\/\/www.vision-one.fr\/es\/\" \/>\n<meta property=\"og:locale\" content=\"es_ES\" \/>\n<meta property=\"og:type\" content=\"article\" \/>\n<meta property=\"og:title\" content=\"Bienvenida - Vision One, tente publicitaire gonflable, totem publicitaire gonflable, meuble gonflable\" \/>\n<meta property=\"og:description\" content=\"Situado en Montpellier, Vision\u00a0One\u00a0est\u00e1 especializada en la concepci\u00f3n del dise\u00f1o y comercializaci\u00f3n de las tiendas publicitarias\u00a0hinchables, t\u00f3tems publicitarios\u00a0hinchables y muebles\u00a0hinchables. Descubre la presentaci\u00f3n completa de la Visi\u00f3n One\u00a0en el apartado la marca.\" \/>\n<meta property=\"og:url\" content=\"https:\/\/www.vision-one.fr\/es\/\" \/>\n<meta property=\"og:site_name\" content=\"Vision One, tente publicitaire gonflable, totem publicitaire gonflable, meuble gonflable\" \/>\n<meta property=\"article:publisher\" content=\"https:\/\/www.facebook.com\/visioneone\" \/>\n<meta property=\"article:modified_time\" content=\"2019-05-02T08:04:46+00:00\" \/>\n<meta name=\"twitter:card\" content=\"summary\" \/>\n<script type=\"application\/ld+json\" class=\"yoast-schema-graph\">{\"@context\":\"https:\/\/schema.org\",\"@graph\":[{\"@type\":\"WebSite\",\"@id\":\"https:\/\/www.vision-one.fr\/#website\",\"url\":\"https:\/\/www.vision-one.fr\/\",\"name\":\"Vision One, tente publicitaire gonflable, totem publicitaire gonflable, meuble gonflable\",\"description\":\"Un expert \\u00e0 votre \\u00e9coute tente gonflable, totem publicitaire gonflable, meuble gonflable\",\"potentialAction\":[{\"@type\":\"SearchAction\",\"target\":\"https:\/\/www.vision-one.fr\/?s={search_term_string}\",\"query-input\":\"required name=search_term_string\"}],\"inLanguage\":\"es\"},{\"@type\":\"WebPage\",\"@id\":\"https:\/\/www.vision-one.fr\/es\/#webpage\",\"url\":\"https:\/\/www.vision-one.fr\/es\/\",\"name\":\"Bienvenida - Vision One, tente publicitaire gonflable, totem publicitaire gonflable, meuble gonflable\",\"isPartOf\":{\"@id\":\"https:\/\/www.vision-one.fr\/#website\"},\"datePublished\":\"2016-06-29T12:39:15+00:00\",\"dateModified\":\"2019-05-02T08:04:46+00:00\",\"breadcrumb\":{\"@id\":\"https:\/\/www.vision-one.fr\/es\/#breadcrumb\"},\"inLanguage\":\"es\",\"potentialAction\":[{\"@type\":\"ReadAction\",\"target\":[\"https:\/\/www.vision-one.fr\/es\/\"]}]},{\"@type\":\"BreadcrumbList\",\"@id\":\"https:\/\/www.vision-one.fr\/es\/#breadcrumb\",\"itemListElement\":[{\"@type\":\"ListItem\",\"position\":1,\"item\":{\"@type\":\"WebPage\",\"@id\":\"https:\/\/www.vision-one.fr\/es\/\",\"url\":\"https:\/\/www.vision-one.fr\/es\/\",\"name\":\"Accueil\"}},{\"@type\":\"ListItem\",\"position\":2,\"item\":{\"@type\":\"WebPage\",\"@id\":\"https:\/\/www.vision-one.fr\/es\/\",\"url\":\"https:\/\/www.vision-one.fr\/es\/\",\"name\":\"Bienvenida\"}}]}]}<\/script>\n<!-- \/ Yoast SEO plugin. -->","_links":{"self":[{"href":"https:\/\/www.vision-one.fr\/es\/wp-json\/wp\/v2\/pages\/9352\/"}],"collection":[{"href":"https:\/\/www.vision-one.fr\/es\/wp-json\/wp\/v2\/pages\/"}],"about":[{"href":"https:\/\/www.vision-one.fr\/es\/wp-json\/wp\/v2\/types\/page\/"}],"author":[{"embeddable":true,"href":"https:\/\/www.vision-one.fr\/es\/wp-json\/wp\/v2\/users\/3\/"}],"replies":[{"embeddable":true,"href":"https:\/\/www.vision-one.fr\/es\/wp-json\/wp\/v2\/comments\/?post=9352"}],"version-history":[{"count":2,"href":"https:\/\/www.vision-one.fr\/es\/wp-json\/wp\/v2\/pages\/9352\/revisions\/"}],"predecessor-version":[{"id":9640,"href":"https:\/\/www.vision-one.fr\/es\/wp-json\/wp\/v2\/pages\/9352\/revisions\/9640\/"}],"wp:attachment":[{"href":"https:\/\/www.vision-one.fr\/es\/wp-json\/wp\/v2\/media\/?parent=9352"}],"curies":[{"name":"wp","href":"https:\/\/api.w.org\/{rel}","templated":true}]}}